{"id":109,"date":"2016-09-07T08:55:13","date_gmt":"2016-09-07T08:55:13","guid":{"rendered":"http:\/\/kiet.online\/?page_id=109"},"modified":"2025-10-14T06:24:48","modified_gmt":"2025-10-14T06:24:48","slug":"dokumente","status":"publish","type":"page","link":"http:\/\/kiet.online\/?page_id=109","title":{"rendered":"Dokumente"},"content":{"rendered":"<h3>I. Allgemeine Dokumente<\/h3>\n<p>&#8211; <a href=\"http:\/\/kiet.online\/wp-content\/uploads\/2022\/10\/Satzung-der-KIET-5.10.22-1.pdf\">Satzung der KIET (5.10.22)<\/a><br \/>\n&#8211; <a href=\"http:\/\/kiet.online\/wp-content\/uploads\/2024\/10\/Kooperationsvertrag-KIET-und-E-TFT-2015.pdf\">Kooperationsvertrag KIET und E-TFT 2015<\/a><\/p>\n<h3>II. Beschl\u00fcsse<\/h3>\n<p><em>1. Beschl\u00fcsse der KIET<\/em><\/p>\n<p>Online 2020<br \/>\n&#8211; keine Beschl\u00fcsse (nur gemeinsame Beschl\u00fcsse mit dem ETFT)<\/p>\n<p>Online 2021<br \/>\n&#8211; keine Beschl\u00fcsse<\/p>\n<p>Koblenz 2022<br \/>\n&#8211; <a href=\"http:\/\/kiet.online\/wp-content\/uploads\/2023\/11\/Beschluesse-KIET-Koblenz-2022-1.pdf\">Beschl\u00fcsse KIET Koblenz 2022<\/a><\/p>\n<p>Regensburg 2023<br \/>\n&#8211; <a href=\"http:\/\/kiet.online\/wp-content\/uploads\/2023\/11\/Beschluesse-KIET-Regensburg-2023-1.pdf\">Beschl\u00fcsse KIET Regensburg 2023<\/a><\/p>\n<p>Hannover 2024<br \/>\n&#8211; <a href=\"http:\/\/kiet.online\/wp-content\/uploads\/2024\/10\/12.-PV-KIET-Hannover-2024-Beschluesse.pdf\">Hannover 2024<\/a><\/p>\n<p>Kassel 2025<br \/>\n&#8211; <a href=\"http:\/\/kiet.online\/wp-content\/uploads\/2025\/10\/Kassel-2025.pdf\">Kassel 2025<\/a><\/p>\n<p><em>2. Gemeinsame Beschl\u00fcsse der KIET und des E-TFT (Evangelisch-Theologischer Fakult\u00e4tentag)<\/em><\/p>\n<p>M\u00fcnster 2016<br \/>\n&#8211; <a href=\"http:\/\/kiet.online\/wp-content\/uploads\/2016\/12\/Beschlu\u0308sse-E-TFT-KIET-2016.pdf\">M\u00fcnster 2016<\/a><\/p>\n<p>T\u00fcbingen 2018<br \/>\n&#8211; <a href=\"http:\/\/kiet.online\/wp-content\/uploads\/2018\/11\/Beschluss_1_Konfessionelle_Kooperation.pdf\">Konfessionelle Kooperation<\/a><br \/>\n&#8211; <a href=\"http:\/\/kiet.online\/wp-content\/uploads\/2018\/11\/Beschluss_2_Personelle_Ausstattung_der_Institute_fuer_evangelische_Theologie.pdf\">Personelle Ausstattung<\/a><\/p>\n<p>Rostock 2019<br \/>\n&#8211; <a href=\"http:\/\/kiet.online\/wp-content\/uploads\/2019\/10\/Beschluesse_ETFT_2019-1.pdf\">Beschluss 1: Anerkennung von Sprachpr\u00fcfungen<\/a><br \/>\n&#8211; <a href=\"http:\/\/kiet.online\/wp-content\/uploads\/2019\/10\/Beschluesse_ETFT_2019-2.pdf\">Beschluss 2: Anerkennung von Leistungen<\/a><br \/>\n&#8211; <a href=\"http:\/\/kiet.online\/wp-content\/uploads\/2019\/10\/Beschluesse_ETFT_2019-3-1.pdf\">Beschluss 3: Stellenwert des Judentums<\/a><br \/>\n&#8211; <a href=\"http:\/\/kiet.online\/wp-content\/uploads\/2019\/10\/Beschluesse_ETFT_2019-4-1.pdf\">Beschluss 4: Bundesweite Vertretung des wiss. Mittelbaus<\/a><br \/>\n&#8211; <a href=\"http:\/\/kiet.online\/wp-content\/uploads\/2019\/10\/Beschluesse_ETFT_2019-5.pdf\">Beschluss 5: Interreligi\u00f6se Kompetenz<\/a><br \/>\n&#8211; <a href=\"http:\/\/kiet.online\/wp-content\/uploads\/2019\/10\/Beschluesse_ETFT_2019-6.pdf\">Beschluss 6: Kirchliche Begleitung von Lehramtsstudierenden<\/a><br \/>\n&#8211; <a href=\"http:\/\/kiet.online\/wp-content\/uploads\/2019\/10\/Beschluesse_ETFT_2019-7.pdf\">Beschluss 7: F\u00f6rderung d. wiss. Nachwuchses unter LA-Studierenden<\/a><br \/>\n&#8211; <a href=\"http:\/\/kiet.online\/wp-content\/uploads\/2019\/10\/Beschluesse_ETFT_2019-8.pdf\">Beschluss 8: Konsultation \u201eReligionlehrer\/in werden und sein\u201c in 2021<\/a><br \/>\n&#8211; <a href=\"http:\/\/kiet.online\/wp-content\/uploads\/2019\/10\/Beschluesse_ETFT_2019-10.pdf\">Beschluss 10: Informationsstand auf dem \u00d6kumenischen Kirchentag 2021<\/a><\/p>\n<p>Online 2020<br \/>\n&#8211; <a href=\"http:\/\/kiet.online\/wp-content\/uploads\/2020\/10\/Gemeinsame-Beschlu\u0308sse-ETFT-und-KIET-2020.pdf\">Gemeinsame Beschlu\u0308sse ETFT und KIET 2020<\/a><\/p>\n<p>Online 2021<br \/>\n&#8211; keine Beschl\u00fcsse<\/p>\n<p>Mainz 2022<br \/>\n&#8211; <a href=\"http:\/\/kiet.online\/wp-content\/uploads\/2023\/11\/Gemeinsame-Beschluesse-ETFT-und-KIET-2022.pdf\">Gemeinsame Beschl\u00fcsse ETFT und KIET 2022<\/a><\/p>\n<p>M\u00fcnchen 2023<br \/>\n&#8211; <a href=\"http:\/\/kiet.online\/wp-content\/uploads\/2023\/11\/Gemeinsame-Beschluesse-ETFT-und-KIET-2023.pdf\">Gemeinsame Beschl\u00fcsse ETFT und KIET 2023<\/a><\/p>\n<p>Hamburg 2024<br \/>\n&#8211; <a href=\"http:\/\/kiet.online\/wp-content\/uploads\/2024\/10\/ETFT_2024_Beschlusssitzung.pdf\">Gemeinsame Beschl\u00fcsse ETFT und KIET 2024<\/a><\/p>\n<p>G\u00f6ttingen 2025<br \/>\n&#8211; <a href=\"http:\/\/kiet.online\/wp-content\/uploads\/2025\/10\/Gemeinsame-Beschluesse-2025.pdf\">Gemeinsame Beschluesse 2025<\/a><\/p>\n<h3>III. Gesch\u00fctzter Bereich<\/h3>\n<p><a href=\"http:\/\/kiet.online\/?page_id=318\">Zugang nur \u00fcber Passwort<\/a><\/p>\n","protected":false},"excerpt":{"rendered":"<p>I. Allgemeine Dokumente &#8211; Satzung der KIET (5.10.22) &#8211; Kooperationsvertrag KIET und E-TFT 2015 II. Beschl\u00fcsse 1. Beschl\u00fcsse der KIET Online 2020 &#8211; keine Beschl\u00fcsse (nur gemeinsame Beschl\u00fcsse mit dem ETFT) Online 2021 &#8211; keine Beschl\u00fcsse Koblenz 2022 &#8211; Beschl\u00fcsse KIET Koblenz 2022 Regensburg 2023 &#8211; Beschl\u00fcsse KIET Regensburg 2023 Hannover 2024 &#8211; Hannover 2024 <a href=\"http:\/\/kiet.online\/?page_id=109\" rel=\"nofollow\"><span class=\"sr-only\">Read more about Dokumente<\/span>[&hellip;]<\/a><\/p>\n","protected":false},"author":1,"featured_media":0,"parent":0,"menu_order":0,"comment_status":"closed","ping_status":"closed","template":"","meta":{"footnotes":""},"class_list":["post-109","page","type-page","status-publish","hentry"],"_links":{"self":[{"href":"http:\/\/kiet.online\/index.php?rest_route=\/wp\/v2\/pages\/109","targetHints":{"allow":["GET"]}}],"collection":[{"href":"http:\/\/kiet.online\/index.php?rest_route=\/wp\/v2\/pages"}],"about":[{"href":"http:\/\/kiet.online\/index.php?rest_route=\/wp\/v2\/types\/page"}],"author":[{"embeddable":true,"href":"http:\/\/kiet.online\/index.php?rest_route=\/wp\/v2\/users\/1"}],"replies":[{"embeddable":true,"href":"http:\/\/kiet.online\/index.php?rest_route=%2Fwp%2Fv2%2Fcomments&post=109"}],"version-history":[{"count":36,"href":"http:\/\/kiet.online\/index.php?rest_route=\/wp\/v2\/pages\/109\/revisions"}],"predecessor-version":[{"id":995,"href":"http:\/\/kiet.online\/index.php?rest_route=\/wp\/v2\/pages\/109\/revisions\/995"}],"wp:attachment":[{"href":"http:\/\/kiet.online\/index.php?rest_route=%2Fwp%2Fv2%2Fmedia&parent=109"}],"curies":[{"name":"wp","href":"https:\/\/api.w.org\/{rel}","templated":true}]}}