{"id":16,"date":"2016-07-26T09:26:02","date_gmt":"2016-07-26T09:26:02","guid":{"rendered":"http:\/\/kiet.online\/?page_id=16"},"modified":"2025-03-13T10:51:05","modified_gmt":"2025-03-13T10:51:05","slug":"aktuelles","status":"publish","type":"page","link":"http:\/\/kiet.online\/?page_id=16","title":{"rendered":"Aktuelles"},"content":{"rendered":"<h4><strong>Koblenzer Konsent zur evangelischen und katholischen Religionsdidaktik: Theologische Positionalit\u00e4t im Kontext religi\u00f6ser Bildung<\/strong><\/h4>\n<p style=\"font-weight: 400;\">Der <strong>Koblenzer Konsent zur evangelischen und katholischen Religionsdidaktik:\u00a0 Theologische Positionalit\u00e4t im Kontext religi\u00f6ser Bildung<\/strong> wurde im Januar 2025 durch die Evangelische Kirche in Deutschland (EKD) ver\u00f6ffentlicht. Sie finden ihn <a href=\"https:\/\/www.ekd.de\/koblenzer-konsent-88376.htm\">hier<\/a>. Weitere Verb\u00e4nde und Gremien k\u00f6nnen sich diesem Text anschlie\u00dfen. Eine Darstellung der Genese des Konsents finden Sie <a href=\"http:\/\/kiet.online\/wp-content\/uploads\/2025\/03\/Genese-Koblenzer-Konsent_KIET-2025.pdf\">hier<\/a>.<\/p>\n<h4><strong>Erkl\u00e4rung des Katholischen Fakult\u00e4tentages zum Theologischen Studienjahr in Jerusalem<\/strong><\/h4>\n<p><a href=\"https:\/\/kthf.de\/wp-content\/uploads\/2025\/01\/2025-01-25_PM-Wuerzburg-MV-KThF.pdf\">Pressemitteilung vom 25.01.2025: Katholisch-Theologischer Fakult\u00e4tentag fordert Absicherung des Theologischen Studienjahres in Jerusalem<\/a><\/p>\n<h4><strong>Plenarversammlung 2025<\/strong><\/h4>\n<p>Die n\u00e4chste Plenarversammlung der KIET findet am Donnerstag, den 09.10.2025, an der Universit\u00e4t Kassel statt. Die Einladung dazu ergeht im Sommer 2025.<\/p>\n<h4><strong>Plenarversammlung 2024<\/strong><\/h4>\n<p>Die KIET hat gemeinsam mit dem Evangelisch-theologischen Fakult\u00e4tentag eine Reihe wichtiger Beschl\u00fcsse verabschiedet. Sie sind rechts in der Sektion \u201eDokumente\u201c zu finden.<\/p>\n","protected":false},"excerpt":{"rendered":"<p>Koblenzer Konsent zur evangelischen und katholischen Religionsdidaktik: Theologische Positionalit\u00e4t im Kontext religi\u00f6ser Bildung Der Koblenzer Konsent zur evangelischen und katholischen Religionsdidaktik:\u00a0 Theologische Positionalit\u00e4t im Kontext religi\u00f6ser Bildung wurde im Januar 2025 durch die Evangelische Kirche in Deutschland (EKD) ver\u00f6ffentlicht. Sie finden ihn hier. Weitere Verb\u00e4nde und Gremien k\u00f6nnen sich diesem Text anschlie\u00dfen. Eine Darstellung der <a href=\"http:\/\/kiet.online\/?page_id=16\" rel=\"nofollow\"><span class=\"sr-only\">Read more about Aktuelles<\/span>[&hellip;]<\/a><\/p>\n","protected":false},"author":1,"featured_media":0,"parent":0,"menu_order":0,"comment_status":"closed","ping_status":"closed","template":"","meta":{"footnotes":""},"class_list":["post-16","page","type-page","status-publish","hentry"],"_links":{"self":[{"href":"http:\/\/kiet.online\/index.php?rest_route=\/wp\/v2\/pages\/16","targetHints":{"allow":["GET"]}}],"collection":[{"href":"http:\/\/kiet.online\/index.php?rest_route=\/wp\/v2\/pages"}],"about":[{"href":"http:\/\/kiet.online\/index.php?rest_route=\/wp\/v2\/types\/page"}],"author":[{"embeddable":true,"href":"http:\/\/kiet.online\/index.php?rest_route=\/wp\/v2\/users\/1"}],"replies":[{"embeddable":true,"href":"http:\/\/kiet.online\/index.php?rest_route=%2Fwp%2Fv2%2Fcomments&post=16"}],"version-history":[{"count":21,"href":"http:\/\/kiet.online\/index.php?rest_route=\/wp\/v2\/pages\/16\/revisions"}],"predecessor-version":[{"id":976,"href":"http:\/\/kiet.online\/index.php?rest_route=\/wp\/v2\/pages\/16\/revisions\/976"}],"wp:attachment":[{"href":"http:\/\/kiet.online\/index.php?rest_route=%2Fwp%2Fv2%2Fmedia&parent=16"}],"curies":[{"name":"wp","href":"https:\/\/api.w.org\/{rel}","templated":true}]}}