{"id":18,"date":"2016-07-26T09:26:21","date_gmt":"2016-07-26T09:26:21","guid":{"rendered":"http:\/\/kiet.online\/?page_id=18"},"modified":"2025-11-12T13:46:18","modified_gmt":"2025-11-12T13:46:18","slug":"institute","status":"publish","type":"page","link":"http:\/\/kiet.online\/?page_id=18","title":{"rendered":"Institute"},"content":{"rendered":"<p><strong>Folgende Institute sind Mitglied in der KIET:<\/strong><\/p>\n<table style=\"height: 267px;\" width=\"476\">\n<tbody>\n<tr>\n<td><a href=\"http:\/\/kiet.online\/?page_id=193\">Augsburg<\/a><\/td>\n<td><a href=\"https:\/\/www.uni-bamberg.de\/evtheo\/\">Bamberg<\/a><\/td>\n<td><a href=\"http:\/\/kiet.online\/?page_id=242\">Bielefeld<\/a><\/td>\n<td><a href=\"http:\/\/kiet.online\/?page_id=53\">Braunschweig<\/a><\/td>\n<\/tr>\n<tr>\n<td><a href=\"https:\/\/www.theologie.tu-darmstadt.de\/institut_theologie\/index.de.jsp\">Darmstadt<\/a><\/td>\n<td><a href=\"http:\/\/kiet.online\/?page_id=58\">Dortmund<\/a><\/td>\n<td><a href=\"http:\/\/kiet.online\/?page_id=60\" target=\"_blank\" rel=\"noopener\">Dresden<\/a><\/td>\n<td><a href=\"http:\/\/kiet.online\/?page_id=62\" target=\"_blank\" rel=\"noopener\">Erfurt<\/a><\/td>\n<\/tr>\n<tr>\n<td><a href=\"http:\/\/kiet.online\/?page_id=201\">Essen<\/a><\/td>\n<td><a href=\"https:\/\/www.uni-flensburg.de\/theologie\">Flensburg<\/a><\/td>\n<td><a href=\"https:\/\/www.ph-freiburg.de\/theologie.html\">Freiburg<\/a><\/td>\n<td><a href=\"http:\/\/kiet.online\/?page_id=255\">Gie\u00dfen<\/a><\/td>\n<\/tr>\n<tr>\n<td><a href=\"http:\/\/kiet.online\/?page_id=66\">Hannover<\/a><\/td>\n<td><a href=\"https:\/\/www.ph-heidelberg.de\/hochschule\/organisation\/fakultaeten\/fakultaet-ii\/institut-fuer-philosophie-und-theologie\/evangelische-theologie-religionspaedagogik.html\">Heidelberg<\/a><\/td>\n<td><a href=\"http:\/\/kiet.online\/?page_id=259\">Hildesheim<\/a><\/td>\n<td><a href=\"http:\/\/kiet.online\/?page_id=263\">Karlsruhe<\/a><\/td>\n<\/tr>\n<tr>\n<td><a href=\"http:\/\/kiet.online\/?page_id=222\">Kassel<\/a><\/td>\n<td><a href=\"http:\/\/kiet.online\/?page_id=69\" target=\"_blank\" rel=\"noopener\">Koblenz<\/a><\/td>\n<td><a href=\"http:\/\/kiet.online\/?page_id=72\">K\u00f6ln<\/a><\/td>\n<td><a href=\"https:\/\/ksw.rptu.de\/institute\/institut-fuer-katholische-theologie\">Landau<\/a><\/td>\n<\/tr>\n<tr>\n<td><a href=\"https:\/\/www.ph-ludwigsburg.de\/fakultaet-1\/institut-fuer-theologie\">Ludwigsburg<\/a><\/td>\n<td><a href=\"http:\/\/kiet.online\/?page_id=269\">L\u00fcneburg<\/a><\/td>\n<td><a href=\"http:\/\/kiet.online\/?page_id=76\">Oldenburg<\/a><\/td>\n<td><a href=\"http:\/\/kiet.online\/?page_id=78\">Osnabr\u00fcck<\/a><\/td>\n<\/tr>\n<tr>\n<td><a href=\"http:\/\/kiet.online\/?page_id=274\">Paderborn<\/a><\/td>\n<td><a href=\"http:\/\/kiet.online\/?page_id=80\">Regensburg<\/a><\/td>\n<td><a href=\"http:\/\/kiet.online\/?page_id=279\">Saarbr\u00fccken<\/a><\/td>\n<td><a href=\"http:\/\/kiet.online\/?page_id=284\">Schw\u00e4bisch Gm\u00fcnd<\/a><\/td>\n<\/tr>\n<tr>\n<td><a href=\"http:\/\/kiet.online\/?page_id=82\">Siegen<\/a><\/td>\n<td><a href=\"https:\/\/evangelische-theologie.ph-weingarten.de\">Weingarten<\/a><\/td>\n<td><a href=\"http:\/\/kiet.online\/?page_id=296\">Wuppertal<\/a><\/td>\n<td><a href=\"http:\/\/kiet.online\/?page_id=214\">W\u00fcrzburg<\/a><\/td>\n<\/tr>\n<\/tbody>\n<\/table>\n\n\n<p><\/p>\n\n\n\n<p><strong>Verbundene Institutionen<\/strong>:<\/p>\n\n\n\n<p><a href=\"https:\/\/etft.de\">Evangelisch-Theologischer Fakult\u00e4tentag<\/a><br><a href=\"https:\/\/gwr.education\" target=\"_blank\" rel=\"noreferrer noopener\">Gesellschaft f\u00fcr wissenschaftliche Religionsp\u00e4dagogik (GwR)<\/a><\/p>\n\n\n\n<p><\/p>\n\n\n\n<p><\/p>\n","protected":false},"excerpt":{"rendered":"<p>Folgende Institute sind Mitglied in der KIET: Augsburg Bamberg Bielefeld Braunschweig Darmstadt Dortmund Dresden Erfurt Essen Flensburg Freiburg Gie\u00dfen Hannover Heidelberg Hildesheim Karlsruhe Kassel Koblenz K\u00f6ln Landau Ludwigsburg L\u00fcneburg Oldenburg Osnabr\u00fcck Paderborn Regensburg Saarbr\u00fccken Schw\u00e4bisch Gm\u00fcnd Siegen Weingarten Wuppertal W\u00fcrzburg Verbundene Institutionen: Evangelisch-Theologischer Fakult\u00e4tentagGesellschaft f\u00fcr wissenschaftliche Religionsp\u00e4dagogik (GwR)<\/p>\n","protected":false},"author":1,"featured_media":0,"parent":0,"menu_order":0,"comment_status":"closed","ping_status":"closed","template":"","meta":{"footnotes":""},"class_list":["post-18","page","type-page","status-publish","hentry"],"_links":{"self":[{"href":"http:\/\/kiet.online\/index.php?rest_route=\/wp\/v2\/pages\/18","targetHints":{"allow":["GET"]}}],"collection":[{"href":"http:\/\/kiet.online\/index.php?rest_route=\/wp\/v2\/pages"}],"about":[{"href":"http:\/\/kiet.online\/index.php?rest_route=\/wp\/v2\/types\/page"}],"author":[{"embeddable":true,"href":"http:\/\/kiet.online\/index.php?rest_route=\/wp\/v2\/users\/1"}],"replies":[{"embeddable":true,"href":"http:\/\/kiet.online\/index.php?rest_route=%2Fwp%2Fv2%2Fcomments&post=18"}],"version-history":[{"count":35,"href":"http:\/\/kiet.online\/index.php?rest_route=\/wp\/v2\/pages\/18\/revisions"}],"predecessor-version":[{"id":1013,"href":"http:\/\/kiet.online\/index.php?rest_route=\/wp\/v2\/pages\/18\/revisions\/1013"}],"wp:attachment":[{"href":"http:\/\/kiet.online\/index.php?rest_route=%2Fwp%2Fv2%2Fmedia&parent=18"}],"curies":[{"name":"wp","href":"https:\/\/api.w.org\/{rel}","templated":true}]}}