{"id":193,"date":"2016-09-19T08:59:36","date_gmt":"2016-09-19T08:59:36","guid":{"rendered":"http:\/\/kiet.online\/?page_id=193"},"modified":"2019-11-18T11:47:31","modified_gmt":"2019-11-18T11:47:31","slug":"universitaet-augsburg","status":"publish","type":"page","link":"http:\/\/kiet.online\/?page_id=193","title":{"rendered":"Universit\u00e4t Augsburg"},"content":{"rendered":"<p><strong>Institut f\u00fcr Evangelische Theologie<\/strong><\/p>\n<p>Universit\u00e4t Augsburg<br \/>\nPhilosophisch-Sozialwissenschaftliche Fakult\u00e4t<br \/>\nUniversit\u00e4tsstra\u00dfe 10<br \/>\nD &#8211; 86159 Augsburg<\/p>\n<p><a href=\"https:\/\/www.uni-augsburg.de\/de\/fakultaet\/philsoz\/fakultat\/institut-evangelische-theologie\/\">https:\/\/www.uni-augsburg.de\/de\/fakultaet\/philsoz\/fakultat\/institut-evangelische-theologie\/<\/a><\/p>\n","protected":false},"excerpt":{"rendered":"<p>Institut f\u00fcr Evangelische Theologie Universit\u00e4t Augsburg Philosophisch-Sozialwissenschaftliche Fakult\u00e4t Universit\u00e4tsstra\u00dfe 10 D &#8211; 86159 Augsburg https:\/\/www.uni-augsburg.de\/de\/fakultaet\/philsoz\/fakultat\/institut-evangelische-theologie\/<\/p>\n","protected":false},"author":1,"featured_media":0,"parent":18,"menu_order":0,"comment_status":"closed","ping_status":"closed","template":"","meta":{"footnotes":""},"class_list":["post-193","page","type-page","status-publish","hentry"],"_links":{"self":[{"href":"http:\/\/kiet.online\/index.php?rest_route=\/wp\/v2\/pages\/193","targetHints":{"allow":["GET"]}}],"collection":[{"href":"http:\/\/kiet.online\/index.php?rest_route=\/wp\/v2\/pages"}],"about":[{"href":"http:\/\/kiet.online\/index.php?rest_route=\/wp\/v2\/types\/page"}],"author":[{"embeddable":true,"href":"http:\/\/kiet.online\/index.php?rest_route=\/wp\/v2\/users\/1"}],"replies":[{"embeddable":true,"href":"http:\/\/kiet.online\/index.php?rest_route=%2Fwp%2Fv2%2Fcomments&post=193"}],"version-history":[{"count":3,"href":"http:\/\/kiet.online\/index.php?rest_route=\/wp\/v2\/pages\/193\/revisions"}],"predecessor-version":[{"id":559,"href":"http:\/\/kiet.online\/index.php?rest_route=\/wp\/v2\/pages\/193\/revisions\/559"}],"up":[{"embeddable":true,"href":"http:\/\/kiet.online\/index.php?rest_route=\/wp\/v2\/pages\/18"}],"wp:attachment":[{"href":"http:\/\/kiet.online\/index.php?rest_route=%2Fwp%2Fv2%2Fmedia&parent=193"}],"curies":[{"name":"wp","href":"https:\/\/api.w.org\/{rel}","templated":true}]}}