{"id":20,"date":"2016-07-26T09:26:11","date_gmt":"2016-07-26T09:26:11","guid":{"rendered":"http:\/\/kiet.online\/?page_id=20"},"modified":"2025-11-12T13:45:18","modified_gmt":"2025-11-12T13:45:18","slug":"impressum","status":"publish","type":"page","link":"http:\/\/kiet.online\/?page_id=20","title":{"rendered":"Impressum"},"content":{"rendered":"<div id=\"page\" class=\"hfeed site\">\n<div id=\"content\" class=\"site-content\">\n<div id=\"primary\" class=\"content-area\">\n<article id=\"post-14\" class=\"post-14 page type-page status-publish hentry\">\n<header class=\"entry-header\"><\/header>\n<div class=\"entry-content\">\n<p>Diese Webseiten werden betrieben vom Anbieter:<\/p>\n<p>Konferenz der Institute f\u00fcr Evangelische Theologie vertreten durch\u00a0den Vorsitzenden des Vorstandes<\/p>\n<p>Prof. Dr. Philipp David<\/p>\n<p>Justus-Liebig-Universit\u00e4t Gie\u00dfen<br \/>\nFachbereich f\u00fcr Geschichts- und Kulturwissenschaften<br \/>\nInstitut f\u00fcr Evangelische Theologie<br \/>\nKarl-Gl\u00f6ckner-Str. 21 H<br \/>\nD-35394 Gie\u00dfen<\/p>\n<p>E-Mail: philipp.david@evtheologie.uni-giessen.de<\/p>\n<\/div>\n<div class=\"entry-content\">\n<p><strong>Bildnachweise<\/strong><\/p>\n<ul>\n<li>Hintergrundbild:\u00a0TU Braunschweig\/Kruszewski<\/li>\n<\/ul>\n<p><strong>Haftungsausschluss<br \/>\n<\/strong><\/p>\n<p>Wir sind als Anbieter dieser Webseiten f\u00fcr eigene Informationen, die zur Nutzung bereitgehalten werden, nach den allgemeinen Gesetzen verantwortlich. Unsere Webseiten enthalten Links zu anderen Websites. KIET hat keinen Einfluss auf den redaktionellen Inhalt fremder Webseiten und darauf, dass deren Betreiber die Datenschutzbestimmungen einhalten und schlie\u00dft daher jegliche Haftung f\u00fcr fremde Websites aus.<\/p>\n<p><strong>Datenschutzerkl\u00e4rung<\/strong><\/p>\n<p>Auf diesem Webangebot gilt die<br \/>\n<a title=\"Link auf Datenschutzerkl\u00e4rung der TU Braunschweig\" href=\"https:\/\/www.tu-braunschweig.de\/impressum\/datenschutz\" target=\"_self\" rel=\"noopener noreferrer\"><br \/>\nDatenschutzerkl\u00e4rung der TU Braunschweig<\/a><br \/>\nmit Ausnahme der Abschnitte VI und VII.<\/p>\n<\/div>\n<\/article>\n<\/div>\n<\/div>\n<\/div>\n","protected":false},"excerpt":{"rendered":"<p>Diese Webseiten werden betrieben vom Anbieter: Konferenz der Institute f\u00fcr Evangelische Theologie vertreten durch\u00a0den Vorsitzenden des Vorstandes Prof. Dr. Philipp David Justus-Liebig-Universit\u00e4t Gie\u00dfen Fachbereich f\u00fcr Geschichts- und Kulturwissenschaften Institut f\u00fcr Evangelische Theologie Karl-Gl\u00f6ckner-Str. 21 H D-35394 Gie\u00dfen E-Mail: philipp.david@evtheologie.uni-giessen.de Bildnachweise Hintergrundbild:\u00a0TU Braunschweig\/Kruszewski Haftungsausschluss Wir sind als Anbieter dieser Webseiten f\u00fcr eigene Informationen, die zur Nutzung <a href=\"http:\/\/kiet.online\/?page_id=20\" rel=\"nofollow\"><span class=\"sr-only\">Read more about Impressum<\/span>[&hellip;]<\/a><\/p>\n","protected":false},"author":1,"featured_media":0,"parent":0,"menu_order":0,"comment_status":"closed","ping_status":"closed","template":"","meta":{"footnotes":""},"class_list":["post-20","page","type-page","status-publish","hentry"],"_links":{"self":[{"href":"http:\/\/kiet.online\/index.php?rest_route=\/wp\/v2\/pages\/20","targetHints":{"allow":["GET"]}}],"collection":[{"href":"http:\/\/kiet.online\/index.php?rest_route=\/wp\/v2\/pages"}],"about":[{"href":"http:\/\/kiet.online\/index.php?rest_route=\/wp\/v2\/types\/page"}],"author":[{"embeddable":true,"href":"http:\/\/kiet.online\/index.php?rest_route=\/wp\/v2\/users\/1"}],"replies":[{"embeddable":true,"href":"http:\/\/kiet.online\/index.php?rest_route=%2Fwp%2Fv2%2Fcomments&post=20"}],"version-history":[{"count":15,"href":"http:\/\/kiet.online\/index.php?rest_route=\/wp\/v2\/pages\/20\/revisions"}],"predecessor-version":[{"id":1012,"href":"http:\/\/kiet.online\/index.php?rest_route=\/wp\/v2\/pages\/20\/revisions\/1012"}],"wp:attachment":[{"href":"http:\/\/kiet.online\/index.php?rest_route=%2Fwp%2Fv2%2Fmedia&parent=20"}],"curies":[{"name":"wp","href":"https:\/\/api.w.org\/{rel}","templated":true}]}}