{"id":214,"date":"2016-09-21T11:13:49","date_gmt":"2016-09-21T11:13:49","guid":{"rendered":"http:\/\/kiet.online\/?page_id=214"},"modified":"2016-10-28T08:10:43","modified_gmt":"2016-10-28T08:10:43","slug":"universitaet-wuerzburg","status":"publish","type":"page","link":"http:\/\/kiet.online\/?page_id=214","title":{"rendered":"Universit\u00e4t W\u00fcrzburg"},"content":{"rendered":"<p><strong>Evangelische Theologie<\/strong><\/p>\n<p>Universit\u00e4t W\u00fcrzburg<br \/>\nWittelsbacherplatz 1<br \/>\n97074 W\u00fcrzburg<\/p>\n<p><a href=\"http:\/\/www.ev-theologie.uni-wuerzburg.de\">www.ev-theologie.uni-wuerzburg.de<\/a><\/p>\n","protected":false},"excerpt":{"rendered":"<p>Evangelische Theologie Universit\u00e4t W\u00fcrzburg Wittelsbacherplatz 1 97074 W\u00fcrzburg www.ev-theologie.uni-wuerzburg.de<\/p>\n","protected":false},"author":1,"featured_media":0,"parent":18,"menu_order":0,"comment_status":"closed","ping_status":"closed","template":"","meta":{"footnotes":""},"class_list":["post-214","page","type-page","status-publish","hentry"],"_links":{"self":[{"href":"http:\/\/kiet.online\/index.php?rest_route=\/wp\/v2\/pages\/214","targetHints":{"allow":["GET"]}}],"collection":[{"href":"http:\/\/kiet.online\/index.php?rest_route=\/wp\/v2\/pages"}],"about":[{"href":"http:\/\/kiet.online\/index.php?rest_route=\/wp\/v2\/types\/page"}],"author":[{"embeddable":true,"href":"http:\/\/kiet.online\/index.php?rest_route=\/wp\/v2\/users\/1"}],"replies":[{"embeddable":true,"href":"http:\/\/kiet.online\/index.php?rest_route=%2Fwp%2Fv2%2Fcomments&post=214"}],"version-history":[{"count":1,"href":"http:\/\/kiet.online\/index.php?rest_route=\/wp\/v2\/pages\/214\/revisions"}],"predecessor-version":[{"id":215,"href":"http:\/\/kiet.online\/index.php?rest_route=\/wp\/v2\/pages\/214\/revisions\/215"}],"up":[{"embeddable":true,"href":"http:\/\/kiet.online\/index.php?rest_route=\/wp\/v2\/pages\/18"}],"wp:attachment":[{"href":"http:\/\/kiet.online\/index.php?rest_route=%2Fwp%2Fv2%2Fmedia&parent=214"}],"curies":[{"name":"wp","href":"https:\/\/api.w.org\/{rel}","templated":true}]}}