{"id":269,"date":"2016-10-28T08:39:09","date_gmt":"2016-10-28T08:39:09","guid":{"rendered":"http:\/\/kiet.online\/?page_id=269"},"modified":"2019-10-11T07:10:32","modified_gmt":"2019-10-11T07:10:32","slug":"universitaet-lueneburg","status":"publish","type":"page","link":"http:\/\/kiet.online\/?page_id=269","title":{"rendered":"Universit\u00e4t L\u00fcneburg"},"content":{"rendered":"<p>Leuphana Universit\u00e4t L\u00fcneburg<br \/>\nInstitut f\u00fcr Ethik und Theologie<br \/>\nUniversit\u00e4tsallee 1<br \/>\n21335 L\u00fcneburg<\/p>\n<p><a href=\"http:\/\/www.leuphana.de\/institute\/iet.html\">http:\/\/www.leuphana.de\/institute\/iet.html<\/a><\/p>\n","protected":false},"excerpt":{"rendered":"<p>Leuphana Universit\u00e4t L\u00fcneburg Institut f\u00fcr Ethik und Theologie Universit\u00e4tsallee 1 21335 L\u00fcneburg http:\/\/www.leuphana.de\/institute\/iet.html<\/p>\n","protected":false},"author":1,"featured_media":0,"parent":18,"menu_order":0,"comment_status":"closed","ping_status":"closed","template":"","meta":{"footnotes":""},"class_list":["post-269","page","type-page","status-publish","hentry"],"_links":{"self":[{"href":"http:\/\/kiet.online\/index.php?rest_route=\/wp\/v2\/pages\/269","targetHints":{"allow":["GET"]}}],"collection":[{"href":"http:\/\/kiet.online\/index.php?rest_route=\/wp\/v2\/pages"}],"about":[{"href":"http:\/\/kiet.online\/index.php?rest_route=\/wp\/v2\/types\/page"}],"author":[{"embeddable":true,"href":"http:\/\/kiet.online\/index.php?rest_route=\/wp\/v2\/users\/1"}],"replies":[{"embeddable":true,"href":"http:\/\/kiet.online\/index.php?rest_route=%2Fwp%2Fv2%2Fcomments&post=269"}],"version-history":[{"count":3,"href":"http:\/\/kiet.online\/index.php?rest_route=\/wp\/v2\/pages\/269\/revisions"}],"predecessor-version":[{"id":522,"href":"http:\/\/kiet.online\/index.php?rest_route=\/wp\/v2\/pages\/269\/revisions\/522"}],"up":[{"embeddable":true,"href":"http:\/\/kiet.online\/index.php?rest_route=\/wp\/v2\/pages\/18"}],"wp:attachment":[{"href":"http:\/\/kiet.online\/index.php?rest_route=%2Fwp%2Fv2%2Fmedia&parent=269"}],"curies":[{"name":"wp","href":"https:\/\/api.w.org\/{rel}","templated":true}]}}