{"id":284,"date":"2016-10-28T08:50:39","date_gmt":"2016-10-28T08:50:39","guid":{"rendered":"http:\/\/kiet.online\/?page_id=284"},"modified":"2016-10-28T08:51:25","modified_gmt":"2016-10-28T08:51:25","slug":"ph-schwaebisch-gmuend","status":"publish","type":"page","link":"http:\/\/kiet.online\/?page_id=284","title":{"rendered":"PH Schw\u00e4bisch Gm\u00fcnd"},"content":{"rendered":"<p>Evangelische Theologie und Religionsp\u00e4dagogik<\/p>\n<p>P\u00e4dagogische Hochschule Schw\u00e4bisch Gm\u00fcnd<br \/>\n\u00d6kumenisches Institut f\u00fcr Theologie und Religionsp\u00e4dagogik<br \/>\nAbteilung Evangelische Theologie<br \/>\nOberbettringer Stra\u00dfe 200<br \/>\n73525 Schw\u00e4bisch Gm\u00fcnd<\/p>\n<p><a href=\"http:\/\/www.ph-gmuend.de\/einrichtungen\/fakultaet-i\/oekumenisches-institut-fuer-theologie-religionspaedagogik\/evangelische-theologie-und-religionspaedagogik\">http:\/\/www.ph-gmuend.de\/einrichtungen\/fakultaet-i\/oekumenisches-institut-fuer-theologie-religionspaedagogik\/evangelische-theologie-und-religionspaedagogik<\/a><\/p>\n","protected":false},"excerpt":{"rendered":"<p>Evangelische Theologie und Religionsp\u00e4dagogik P\u00e4dagogische Hochschule Schw\u00e4bisch Gm\u00fcnd \u00d6kumenisches Institut f\u00fcr Theologie und Religionsp\u00e4dagogik Abteilung Evangelische Theologie Oberbettringer Stra\u00dfe 200 73525 Schw\u00e4bisch Gm\u00fcnd http:\/\/www.ph-gmuend.de\/einrichtungen\/fakultaet-i\/oekumenisches-institut-fuer-theologie-religionspaedagogik\/evangelische-theologie-und-religionspaedagogik<\/p>\n","protected":false},"author":1,"featured_media":0,"parent":18,"menu_order":0,"comment_status":"closed","ping_status":"closed","template":"","meta":{"footnotes":""},"class_list":["post-284","page","type-page","status-publish","hentry"],"_links":{"self":[{"href":"http:\/\/kiet.online\/index.php?rest_route=\/wp\/v2\/pages\/284","targetHints":{"allow":["GET"]}}],"collection":[{"href":"http:\/\/kiet.online\/index.php?rest_route=\/wp\/v2\/pages"}],"about":[{"href":"http:\/\/kiet.online\/index.php?rest_route=\/wp\/v2\/types\/page"}],"author":[{"embeddable":true,"href":"http:\/\/kiet.online\/index.php?rest_route=\/wp\/v2\/users\/1"}],"replies":[{"embeddable":true,"href":"http:\/\/kiet.online\/index.php?rest_route=%2Fwp%2Fv2%2Fcomments&post=284"}],"version-history":[{"count":3,"href":"http:\/\/kiet.online\/index.php?rest_route=\/wp\/v2\/pages\/284\/revisions"}],"predecessor-version":[{"id":287,"href":"http:\/\/kiet.online\/index.php?rest_route=\/wp\/v2\/pages\/284\/revisions\/287"}],"up":[{"embeddable":true,"href":"http:\/\/kiet.online\/index.php?rest_route=\/wp\/v2\/pages\/18"}],"wp:attachment":[{"href":"http:\/\/kiet.online\/index.php?rest_route=%2Fwp%2Fv2%2Fmedia&parent=284"}],"curies":[{"name":"wp","href":"https:\/\/api.w.org\/{rel}","templated":true}]}}