{"id":296,"date":"2016-10-28T09:04:02","date_gmt":"2016-10-28T09:04:02","guid":{"rendered":"http:\/\/kiet.online\/?page_id=296"},"modified":"2016-10-28T09:04:23","modified_gmt":"2016-10-28T09:04:23","slug":"bergische-universitaet-wuppertal","status":"publish","type":"page","link":"http:\/\/kiet.online\/?page_id=296","title":{"rendered":"Bergische Universit\u00e4t Wuppertal"},"content":{"rendered":"<p>Evangelische Theologie<\/p>\n<p>Bergische Universit\u00e4t Wuppertal<br \/>\nFachbereich A &#8211; Evangelische Theologie<br \/>\nGau\u00dfstra\u00dfe 20<br \/>\n42097 Wuppertal<\/p>\n<p><a href=\"http:\/\/www.ev-theologie.uni-wuppertal.de\/\">http:\/\/www.ev-theologie.uni-wuppertal.de\/<\/a><\/p>\n","protected":false},"excerpt":{"rendered":"<p>Evangelische Theologie Bergische Universit\u00e4t Wuppertal Fachbereich A &#8211; Evangelische Theologie Gau\u00dfstra\u00dfe 20 42097 Wuppertal http:\/\/www.ev-theologie.uni-wuppertal.de\/<\/p>\n","protected":false},"author":1,"featured_media":0,"parent":18,"menu_order":0,"comment_status":"closed","ping_status":"closed","template":"","meta":{"footnotes":""},"class_list":["post-296","page","type-page","status-publish","hentry"],"_links":{"self":[{"href":"http:\/\/kiet.online\/index.php?rest_route=\/wp\/v2\/pages\/296","targetHints":{"allow":["GET"]}}],"collection":[{"href":"http:\/\/kiet.online\/index.php?rest_route=\/wp\/v2\/pages"}],"about":[{"href":"http:\/\/kiet.online\/index.php?rest_route=\/wp\/v2\/types\/page"}],"author":[{"embeddable":true,"href":"http:\/\/kiet.online\/index.php?rest_route=\/wp\/v2\/users\/1"}],"replies":[{"embeddable":true,"href":"http:\/\/kiet.online\/index.php?rest_route=%2Fwp%2Fv2%2Fcomments&post=296"}],"version-history":[{"count":2,"href":"http:\/\/kiet.online\/index.php?rest_route=\/wp\/v2\/pages\/296\/revisions"}],"predecessor-version":[{"id":298,"href":"http:\/\/kiet.online\/index.php?rest_route=\/wp\/v2\/pages\/296\/revisions\/298"}],"up":[{"embeddable":true,"href":"http:\/\/kiet.online\/index.php?rest_route=\/wp\/v2\/pages\/18"}],"wp:attachment":[{"href":"http:\/\/kiet.online\/index.php?rest_route=%2Fwp%2Fv2%2Fmedia&parent=296"}],"curies":[{"name":"wp","href":"https:\/\/api.w.org\/{rel}","templated":true}]}}