{"id":315,"date":"2016-12-16T08:53:39","date_gmt":"2016-12-16T08:53:39","guid":{"rendered":"http:\/\/kiet.online\/?page_id=315"},"modified":"2023-11-30T08:20:57","modified_gmt":"2023-11-30T08:20:57","slug":"vorstellung-kiet","status":"publish","type":"page","link":"http:\/\/kiet.online\/?page_id=315","title":{"rendered":"Vorstellung KIET"},"content":{"rendered":"<p>Die<strong> Konferenz der Institute f\u00fcr Evangelische Theologie (KIET)<\/strong> hei\u00dft Sie auf ihrer Internetseite herzlich willkommen!<\/p>\n<p><strong>KIET<\/strong> ist die Vereinigung der Institute, Seminare und sonstigen Lehreinheiten f\u00fcr Evangelische Theologie an den staatlichen Hochschulen und Universit\u00e4ten in Deutschland au\u00dferhalb der Evangelisch-Theologischen Fakult\u00e4ten. Sie wurde am 10. Oktober 2013 in Heidelberg gegr\u00fcndet.<\/p>\n<p><strong>\u00a0<\/strong><strong>32 Mitgliedsinstitute<\/strong> werden gegenw\u00e4rtig von KIET vertreten. Der Begriff \u201eInstitut\u201c steht verallgemeinernd f\u00fcr alle universit\u00e4ren und hochschulischen Einrichtungen der Evangelischen Theologie, auch wenn sie andere Bezeichnungen tragen, wie bspw. Seminar, Fachgebiet o.\u00e4..<\/p>\n<p>Die Institute repr\u00e4sentieren an ihren Universit\u00e4ten\/Hochschulen evangelisch-theologische Lehre und Forschung in unterschiedlichen Kontexten. Insbesondere sind sie im Rahmen der stetig wachsenden Lehrerbildung an solchen Universit\u00e4ten und Hochschulen t\u00e4tig, an denen das Studienfach Evangelische Theologie angeboten wird, ohne dass eine Evangelisch-Theologische Fakult\u00e4t vorhanden ist. Einzelne Institute bieten auch Evangelisch-Theologische Bachelorstudieng\u00e4nge an; in anderen beteiligen sich Hochschullehrer an Masterstudieng\u00e4ngen mit Anteilen aus der Evangelischen Theologie. Eine wichtige allgemeinbildende Aufgabe der Institute im Kontext ihrer Hochschulen und Universit\u00e4ten besteht darin, dass sie Perspektiven evangelisch-theologischen Denkens in f\u00e4cher\u00fcbergreifende Veranstaltungen ihrer Hoch-schulen einbringen, z.B. in die bildungswissenschaftlichen Anteile des Lehramtsstudiums und in das Studium generale. Dar\u00fcber hinaus beteiligen sich etliche Institute an Lehr-kooperationen in \u00f6kumenischer und interreligi\u00f6ser Perspektive und sind Partner in interdisziplin\u00e4ren Forschungskooperationen.<\/p>\n<p>Diese vielf\u00e4ltigen <strong>Aufgaben<\/strong> und Funktionen stellen die Mitgliedsinstitute vor besondere Herausforderungen. KIET befasst sich daher mit allen Angelegenheiten, welche in die Zust\u00e4ndigkeit der Institute f\u00fcr Evangelische Theologie fallen und von gemeinsamem Interesse und Belang f\u00fcr die St\u00e4rkung der hochschulischen und \u00f6ffentlichen Position der Institute sind. KIET dient in diesem Sinne der Koordination und Kooperation der Institute nach innen sowie ihrer Vertretung nach au\u00dfen. \u00a0\u00a0In den entsprechenden Fachkommissionen der EKD ist KIET eigenst\u00e4ndig vertreten; mit dem Evangelisch-theologischen Fakult\u00e4tentag besteht eine rechtlich geordnete Kooperation. Weitere Informationen entnehmen Sie bitte der Satzung, die Sie unter der Rubrik <em>Dokumente<\/em> finden.<\/p>\n","protected":false},"excerpt":{"rendered":"<p>Die Konferenz der Institute f\u00fcr Evangelische Theologie (KIET) hei\u00dft Sie auf ihrer Internetseite herzlich willkommen! KIET ist die Vereinigung der Institute, Seminare und sonstigen Lehreinheiten f\u00fcr Evangelische Theologie an den staatlichen Hochschulen und Universit\u00e4ten in Deutschland au\u00dferhalb der Evangelisch-Theologischen Fakult\u00e4ten. Sie wurde am 10. Oktober 2013 in Heidelberg gegr\u00fcndet. \u00a032 Mitgliedsinstitute werden gegenw\u00e4rtig von KIET <a href=\"http:\/\/kiet.online\/?page_id=315\" rel=\"nofollow\"><span class=\"sr-only\">Read more about Vorstellung KIET<\/span>[&hellip;]<\/a><\/p>\n","protected":false},"author":1,"featured_media":0,"parent":0,"menu_order":0,"comment_status":"closed","ping_status":"closed","template":"","meta":{"footnotes":""},"class_list":["post-315","page","type-page","status-publish","hentry"],"_links":{"self":[{"href":"http:\/\/kiet.online\/index.php?rest_route=\/wp\/v2\/pages\/315","targetHints":{"allow":["GET"]}}],"collection":[{"href":"http:\/\/kiet.online\/index.php?rest_route=\/wp\/v2\/pages"}],"about":[{"href":"http:\/\/kiet.online\/index.php?rest_route=\/wp\/v2\/types\/page"}],"author":[{"embeddable":true,"href":"http:\/\/kiet.online\/index.php?rest_route=\/wp\/v2\/users\/1"}],"replies":[{"embeddable":true,"href":"http:\/\/kiet.online\/index.php?rest_route=%2Fwp%2Fv2%2Fcomments&post=315"}],"version-history":[{"count":2,"href":"http:\/\/kiet.online\/index.php?rest_route=\/wp\/v2\/pages\/315\/revisions"}],"predecessor-version":[{"id":895,"href":"http:\/\/kiet.online\/index.php?rest_route=\/wp\/v2\/pages\/315\/revisions\/895"}],"wp:attachment":[{"href":"http:\/\/kiet.online\/index.php?rest_route=%2Fwp%2Fv2%2Fmedia&parent=315"}],"curies":[{"name":"wp","href":"https:\/\/api.w.org\/{rel}","templated":true}]}}