{"id":4,"date":"2016-07-25T13:05:25","date_gmt":"2016-07-25T13:05:25","guid":{"rendered":"http:\/\/kiet.online\/?page_id=4"},"modified":"2024-10-17T17:04:09","modified_gmt":"2024-10-17T17:04:09","slug":"vorstand","status":"publish","type":"page","link":"http:\/\/kiet.online\/?page_id=4","title":{"rendered":"Vorstand"},"content":{"rendered":"<table>\n<tbody>\n<tr>\n<td>\n<h4><strong>Vorsitzender<\/strong><\/h4>\n<\/td>\n<td>\n<h4><strong>Stellv. Vorsitzende<\/strong><\/h4>\n<\/td>\n<\/tr>\n<tr>\n<td><img loading=\"lazy\" decoding=\"async\" class=\"alignnone  wp-image-690\" src=\"http:\/\/kiet.online\/wp-content\/uploads\/2021\/11\/David_Philipp_FotoWegst16_kleiner-e1638192446412-186x300.jpg\" alt=\"\" width=\"119\" height=\"192\" srcset=\"http:\/\/kiet.online\/wp-content\/uploads\/2021\/11\/David_Philipp_FotoWegst16_kleiner-e1638192446412-186x300.jpg 186w, http:\/\/kiet.online\/wp-content\/uploads\/2021\/11\/David_Philipp_FotoWegst16_kleiner-e1638192446412.jpg 442w\" sizes=\"auto, (max-width: 119px) 100vw, 119px\" \/><br \/>Prof. Dr. Philipp David<br \/>\u00a9 Foto: Rolf K. Wegst<\/td>\n<td>\n<p><img loading=\"lazy\" decoding=\"async\" class=\"wp-image-870 alignnone\" src=\"http:\/\/kiet.online\/wp-content\/uploads\/2023\/10\/mmerkel_DSC_9039-edit-9-200x300.jpg\" alt=\"\" width=\"128\" height=\"192\" srcset=\"http:\/\/kiet.online\/wp-content\/uploads\/2023\/10\/mmerkel_DSC_9039-edit-9-200x300.jpg 200w, http:\/\/kiet.online\/wp-content\/uploads\/2023\/10\/mmerkel_DSC_9039-edit-9-681x1024.jpg 681w, http:\/\/kiet.online\/wp-content\/uploads\/2023\/10\/mmerkel_DSC_9039-edit-9-768x1154.jpg 768w, http:\/\/kiet.online\/wp-content\/uploads\/2023\/10\/mmerkel_DSC_9039-edit-9-1022x1536.jpg 1022w, http:\/\/kiet.online\/wp-content\/uploads\/2023\/10\/mmerkel_DSC_9039-edit-9-1363x2048.jpg 1363w, http:\/\/kiet.online\/wp-content\/uploads\/2023\/10\/mmerkel_DSC_9039-edit-9.jpg 1556w\" sizes=\"auto, (max-width: 128px) 100vw, 128px\" \/><br \/>Prof. Dr. Maren Bienert<\/p>\n<\/td>\n<\/tr>\n<tr>\n<td>\n<p>Justus-von-Liebig Universit\u00e4t Gie\u00dfen<br \/>Fachbereich 04 Geschichts- und Kulturwissenschaften<br \/>Institut f\u00fcr Evangelische Theologie<br \/>Professur f\u00fcr Systematische Theologie<br \/>Karl-Gl\u00f6ckner-Str. 21<br \/>Haus H, Raum 207<br \/>D-35394 Gie\u00dfen<\/p>\n<\/td>\n<td>Stiftung Universit\u00e4t Hildesheim<br \/>FB 1: Erziehungs- und Sozialwissenschaften<br \/>Institut f\u00fcr Evangelische Theologie<br \/>Professur f\u00fcr Systematische Theologie<br \/>Universit\u00e4tsplatz 1<br \/>31134 Hildesheim<\/td>\n<\/tr>\n<tr>\n<td>E-Mail: <a href=\"mailto:hailer@ph-heidelberg.de\">Philipp.David[at]evtheologie.uni-giessen.de<\/a><\/td>\n<td>\n<p>E-Mail:<a href=\"bienertm@uni-hildesheim.de\"> bienertm[at]uni-hildesheim.de<\/a><\/p>\n<\/td>\n<\/tr>\n<tr>\n<td>\n<h4><strong>Beisitzer<\/strong><\/h4>\n<\/td>\n<td>\n<h4><strong>Beisitzer<br \/><\/strong><\/h4>\n<\/td>\n<\/tr>\n<tr>\n<td>\n<p><img loading=\"lazy\" decoding=\"async\" class=\"alignnone  wp-image-867\" src=\"http:\/\/kiet.online\/wp-content\/uploads\/2023\/10\/2017_Prof_Fricke_01-277x300.jpg\" alt=\"\" width=\"177\" height=\"191\" srcset=\"http:\/\/kiet.online\/wp-content\/uploads\/2023\/10\/2017_Prof_Fricke_01-277x300.jpg 277w, http:\/\/kiet.online\/wp-content\/uploads\/2023\/10\/2017_Prof_Fricke_01-945x1024.jpg 945w, http:\/\/kiet.online\/wp-content\/uploads\/2023\/10\/2017_Prof_Fricke_01-768x832.jpg 768w, http:\/\/kiet.online\/wp-content\/uploads\/2023\/10\/2017_Prof_Fricke_01.jpg 1173w\" sizes=\"auto, (max-width: 177px) 100vw, 177px\" \/><br \/>Prof. Dr. Michael Fricke<\/p>\n<\/td>\n<td><img loading=\"lazy\" decoding=\"async\" class=\"alignnone wp-image-395\" src=\"http:\/\/kiet.online\/wp-content\/uploads\/2016\/07\/wagner_2568_2017.jpg\" alt=\"\" width=\"149\" height=\"192\" \/><br \/>AOR PD Dr. Thomas Wagner<\/td>\n<\/tr>\n<tr>\n<td>\n<p>Universit\u00e4t Regensburg<br \/>Institut f\u00fcr Evangelische Theologie<br \/>Lehrstuhl f\u00fcr Religions-<br \/>p\u00e4dagogik und Didaktik des Religionsunterrichts<br \/>Universit\u00e4tsstra\u00dfe 31<br \/>D-93053 Regensburg<\/p>\n<\/td>\n<td>Bergische Universit\u00e4t Wuppertal<br \/>Fakult\u00e4t f\u00fcr Geistes- und Kulturwissenschaften<br \/>Seminar Evangelische Theologie<br \/>Gau\u00dfstra\u00dfe 20<br \/>42097 Wuppertal<\/td>\n<\/tr>\n<tr>\n<td>E-Mail: <a href=\"michael.fricke@theologie.uni-regensburg.de\">michael.fricke[at]theologie.uni-regensburg.de<\/a><\/td>\n<td>E-Mail: <a href=\"mailto:twagner@uni-wuppertal.de\">twagner[at]uni-wuppertal.de<\/a><\/td>\n<\/tr>\n<\/tbody>\n<\/table>\n\n\n<p><\/p>\n","protected":false},"excerpt":{"rendered":"<p>Vorsitzender Stellv. Vorsitzende Prof. Dr. Philipp David\u00a9 Foto: Rolf K. Wegst Prof. Dr. Maren Bienert Justus-von-Liebig Universit\u00e4t Gie\u00dfenFachbereich 04 Geschichts- und KulturwissenschaftenInstitut f\u00fcr Evangelische TheologieProfessur f\u00fcr Systematische TheologieKarl-Gl\u00f6ckner-Str. 21Haus H, Raum 207D-35394 Gie\u00dfen Stiftung Universit\u00e4t HildesheimFB 1: Erziehungs- und SozialwissenschaftenInstitut f\u00fcr Evangelische TheologieProfessur f\u00fcr Systematische TheologieUniversit\u00e4tsplatz 131134 Hildesheim E-Mail: Philipp.David[at]evtheologie.uni-giessen.de E-Mail: bienertm[at]uni-hildesheim.de Beisitzer Beisitzer Prof. <a href=\"http:\/\/kiet.online\/?page_id=4\" rel=\"nofollow\"><span class=\"sr-only\">Read more about Vorstand<\/span>[&hellip;]<\/a><\/p>\n","protected":false},"author":1,"featured_media":0,"parent":0,"menu_order":0,"comment_status":"closed","ping_status":"closed","template":"","meta":{"footnotes":""},"class_list":["post-4","page","type-page","status-publish","hentry"],"_links":{"self":[{"href":"http:\/\/kiet.online\/index.php?rest_route=\/wp\/v2\/pages\/4","targetHints":{"allow":["GET"]}}],"collection":[{"href":"http:\/\/kiet.online\/index.php?rest_route=\/wp\/v2\/pages"}],"about":[{"href":"http:\/\/kiet.online\/index.php?rest_route=\/wp\/v2\/types\/page"}],"author":[{"embeddable":true,"href":"http:\/\/kiet.online\/index.php?rest_route=\/wp\/v2\/users\/1"}],"replies":[{"embeddable":true,"href":"http:\/\/kiet.online\/index.php?rest_route=%2Fwp%2Fv2%2Fcomments&post=4"}],"version-history":[{"count":27,"href":"http:\/\/kiet.online\/index.php?rest_route=\/wp\/v2\/pages\/4\/revisions"}],"predecessor-version":[{"id":956,"href":"http:\/\/kiet.online\/index.php?rest_route=\/wp\/v2\/pages\/4\/revisions\/956"}],"wp:attachment":[{"href":"http:\/\/kiet.online\/index.php?rest_route=%2Fwp%2Fv2%2Fmedia&parent=4"}],"curies":[{"name":"wp","href":"https:\/\/api.w.org\/{rel}","templated":true}]}}