{"id":58,"date":"2016-07-29T07:08:38","date_gmt":"2016-07-29T07:08:38","guid":{"rendered":"http:\/\/kiet.online\/?page_id=58"},"modified":"2016-09-12T08:24:32","modified_gmt":"2016-09-12T08:24:32","slug":"tu-dortmund","status":"publish","type":"page","link":"http:\/\/kiet.online\/?page_id=58","title":{"rendered":"TU Dortmund"},"content":{"rendered":"<p><strong>Institut f\u00fcr Evangelische Theologie<\/strong><\/p>\n<p>Technische Universit\u00e4t Dortmund<br \/>\nFakult\u00e4t Humanwissenschaften und Theologie (14)<br \/>\nEmil-Figge-Str. 50<br \/>\n44227 Dortmund<\/p>\n<p><a href=\"http:\/\/evtheo.fk14.tu-dortmund.de\/cms\/evtheo\/de\/institut\/\">http:\/\/evtheo.fk14.tu-dortmund.de\/cms\/evtheo\/de\/institut\/<\/a><\/p>\n","protected":false},"excerpt":{"rendered":"<p>Institut f\u00fcr Evangelische Theologie Technische Universit\u00e4t Dortmund Fakult\u00e4t Humanwissenschaften und Theologie (14) Emil-Figge-Str. 50 44227 Dortmund http:\/\/evtheo.fk14.tu-dortmund.de\/cms\/evtheo\/de\/institut\/<\/p>\n","protected":false},"author":1,"featured_media":0,"parent":18,"menu_order":0,"comment_status":"closed","ping_status":"closed","template":"","meta":{"footnotes":""},"class_list":["post-58","page","type-page","status-publish","hentry"],"_links":{"self":[{"href":"http:\/\/kiet.online\/index.php?rest_route=\/wp\/v2\/pages\/58","targetHints":{"allow":["GET"]}}],"collection":[{"href":"http:\/\/kiet.online\/index.php?rest_route=\/wp\/v2\/pages"}],"about":[{"href":"http:\/\/kiet.online\/index.php?rest_route=\/wp\/v2\/types\/page"}],"author":[{"embeddable":true,"href":"http:\/\/kiet.online\/index.php?rest_route=\/wp\/v2\/users\/1"}],"replies":[{"embeddable":true,"href":"http:\/\/kiet.online\/index.php?rest_route=%2Fwp%2Fv2%2Fcomments&post=58"}],"version-history":[{"count":3,"href":"http:\/\/kiet.online\/index.php?rest_route=\/wp\/v2\/pages\/58\/revisions"}],"predecessor-version":[{"id":159,"href":"http:\/\/kiet.online\/index.php?rest_route=\/wp\/v2\/pages\/58\/revisions\/159"}],"up":[{"embeddable":true,"href":"http:\/\/kiet.online\/index.php?rest_route=\/wp\/v2\/pages\/18"}],"wp:attachment":[{"href":"http:\/\/kiet.online\/index.php?rest_route=%2Fwp%2Fv2%2Fmedia&parent=58"}],"curies":[{"name":"wp","href":"https:\/\/api.w.org\/{rel}","templated":true}]}}