{"id":60,"date":"2016-07-29T07:09:54","date_gmt":"2016-07-29T07:09:54","guid":{"rendered":"http:\/\/kiet.online\/?page_id=60"},"modified":"2016-09-12T08:14:38","modified_gmt":"2016-09-12T08:14:38","slug":"technische-universitaet-dresden","status":"publish","type":"page","link":"http:\/\/kiet.online\/?page_id=60","title":{"rendered":"Technische Universit\u00e4t Dresden"},"content":{"rendered":"<p><strong>Institut f\u00fcr Evangelische Theologie<\/strong><\/p>\n<p>Technische Universit\u00e4t Dresden<br \/>\n<span class=\"building\">Philosophische Fakult\u00e4t<br \/>\nGeb\u00e4ude Weberplatz 5 (WEB)<br \/>\n<\/span><span class=\"postal-code\">01217<\/span> <span class=\"locality\">Dresden<br \/>\nTel.+49 351 463-35831<br \/>\n<\/span><\/p>\n<p><a href=\"http:\/\/tu-dresden.de\/die_tu_dresden\/fakultaeten\/philosophische_fakultaet\/iet\" target=\"_blank\">http:\/\/tu-dresden.de\/die_tu_dresden\/fakultaeten\/philosophische_fakultaet\/iet<\/a><\/p>\n<p>&nbsp;<\/p>\n","protected":false},"excerpt":{"rendered":"<p>Institut f\u00fcr Evangelische Theologie Technische Universit\u00e4t Dresden Philosophische Fakult\u00e4t Geb\u00e4ude Weberplatz 5 (WEB) 01217 Dresden Tel.+49 351 463-35831 http:\/\/tu-dresden.de\/die_tu_dresden\/fakultaeten\/philosophische_fakultaet\/iet &nbsp;<\/p>\n","protected":false},"author":1,"featured_media":0,"parent":18,"menu_order":0,"comment_status":"closed","ping_status":"closed","template":"","meta":{"footnotes":""},"class_list":["post-60","page","type-page","status-publish","hentry"],"_links":{"self":[{"href":"http:\/\/kiet.online\/index.php?rest_route=\/wp\/v2\/pages\/60","targetHints":{"allow":["GET"]}}],"collection":[{"href":"http:\/\/kiet.online\/index.php?rest_route=\/wp\/v2\/pages"}],"about":[{"href":"http:\/\/kiet.online\/index.php?rest_route=\/wp\/v2\/types\/page"}],"author":[{"embeddable":true,"href":"http:\/\/kiet.online\/index.php?rest_route=\/wp\/v2\/users\/1"}],"replies":[{"embeddable":true,"href":"http:\/\/kiet.online\/index.php?rest_route=%2Fwp%2Fv2%2Fcomments&post=60"}],"version-history":[{"count":4,"href":"http:\/\/kiet.online\/index.php?rest_route=\/wp\/v2\/pages\/60\/revisions"}],"predecessor-version":[{"id":157,"href":"http:\/\/kiet.online\/index.php?rest_route=\/wp\/v2\/pages\/60\/revisions\/157"}],"up":[{"embeddable":true,"href":"http:\/\/kiet.online\/index.php?rest_route=\/wp\/v2\/pages\/18"}],"wp:attachment":[{"href":"http:\/\/kiet.online\/index.php?rest_route=%2Fwp%2Fv2%2Fmedia&parent=60"}],"curies":[{"name":"wp","href":"https:\/\/api.w.org\/{rel}","templated":true}]}}