{"id":62,"date":"2016-07-29T07:11:05","date_gmt":"2016-07-29T07:11:05","guid":{"rendered":"http:\/\/kiet.online\/?page_id=62"},"modified":"2016-09-12T11:34:03","modified_gmt":"2016-09-12T11:34:03","slug":"universitaet-erfurt","status":"publish","type":"page","link":"http:\/\/kiet.online\/?page_id=62","title":{"rendered":"Universit\u00e4t Erfurt"},"content":{"rendered":"<p><strong>Martin-Luther-Institut<\/strong><\/p>\n<p>Universit\u00e4t Erfurt<strong><br \/>\n<\/strong>Nordh\u00e4user Stra\u00dfe 63<br \/>\n99089 Erfurt<\/p>\n<p><a href=\"http:\/\/www.uni-erfurt.de\/mli\/\">www.uni-erfurt.de\/mli\/<\/a>.<\/p>\n<p>&nbsp;<\/p>\n","protected":false},"excerpt":{"rendered":"<p>Martin-Luther-Institut Universit\u00e4t Erfurt Nordh\u00e4user Stra\u00dfe 63 99089 Erfurt www.uni-erfurt.de\/mli\/. &nbsp;<\/p>\n","protected":false},"author":1,"featured_media":0,"parent":18,"menu_order":0,"comment_status":"closed","ping_status":"closed","template":"","meta":{"footnotes":""},"class_list":["post-62","page","type-page","status-publish","hentry"],"_links":{"self":[{"href":"http:\/\/kiet.online\/index.php?rest_route=\/wp\/v2\/pages\/62","targetHints":{"allow":["GET"]}}],"collection":[{"href":"http:\/\/kiet.online\/index.php?rest_route=\/wp\/v2\/pages"}],"about":[{"href":"http:\/\/kiet.online\/index.php?rest_route=\/wp\/v2\/types\/page"}],"author":[{"embeddable":true,"href":"http:\/\/kiet.online\/index.php?rest_route=\/wp\/v2\/users\/1"}],"replies":[{"embeddable":true,"href":"http:\/\/kiet.online\/index.php?rest_route=%2Fwp%2Fv2%2Fcomments&post=62"}],"version-history":[{"count":3,"href":"http:\/\/kiet.online\/index.php?rest_route=\/wp\/v2\/pages\/62\/revisions"}],"predecessor-version":[{"id":177,"href":"http:\/\/kiet.online\/index.php?rest_route=\/wp\/v2\/pages\/62\/revisions\/177"}],"up":[{"embeddable":true,"href":"http:\/\/kiet.online\/index.php?rest_route=\/wp\/v2\/pages\/18"}],"wp:attachment":[{"href":"http:\/\/kiet.online\/index.php?rest_route=%2Fwp%2Fv2%2Fmedia&parent=62"}],"curies":[{"name":"wp","href":"https:\/\/api.w.org\/{rel}","templated":true}]}}