{"id":69,"date":"2016-07-29T07:16:21","date_gmt":"2016-07-29T07:16:21","guid":{"rendered":"http:\/\/kiet.online\/?page_id=69"},"modified":"2024-10-21T07:04:47","modified_gmt":"2024-10-21T07:04:47","slug":"universitaet-koblenz-landau","status":"publish","type":"page","link":"http:\/\/kiet.online\/?page_id=69","title":{"rendered":"Universit\u00e4t Koblenz"},"content":{"rendered":"<p><strong>Institut f\u00fcr Evangelische Theologie<\/strong><\/p>\n<p>Universit\u00e4t Koblenz<br \/>\nFB 2 Philologie und Kulturwissenschaften<br \/>\nUniversit\u00e4tsstra\u00dfe 1<br \/>\n56070 Koblenz<\/p>\n<p><a href=\"https:\/\/www.uni-koblenz.de\/de\/philologie-kulturwissenschaften\/evangelische-theologie\">https:\/\/www.uni-koblenz.de\/de\/philologie-kulturwissenschaften\/evangelische-theologie<\/a><\/p>\n","protected":false},"excerpt":{"rendered":"<p>Institut f\u00fcr Evangelische Theologie Universit\u00e4t Koblenz FB 2 Philologie und Kulturwissenschaften Universit\u00e4tsstra\u00dfe 1 56070 Koblenz https:\/\/www.uni-koblenz.de\/de\/philologie-kulturwissenschaften\/evangelische-theologie<\/p>\n","protected":false},"author":1,"featured_media":0,"parent":18,"menu_order":0,"comment_status":"closed","ping_status":"closed","template":"","meta":{"footnotes":""},"class_list":["post-69","page","type-page","status-publish","hentry"],"_links":{"self":[{"href":"http:\/\/kiet.online\/index.php?rest_route=\/wp\/v2\/pages\/69","targetHints":{"allow":["GET"]}}],"collection":[{"href":"http:\/\/kiet.online\/index.php?rest_route=\/wp\/v2\/pages"}],"about":[{"href":"http:\/\/kiet.online\/index.php?rest_route=\/wp\/v2\/types\/page"}],"author":[{"embeddable":true,"href":"http:\/\/kiet.online\/index.php?rest_route=\/wp\/v2\/users\/1"}],"replies":[{"embeddable":true,"href":"http:\/\/kiet.online\/index.php?rest_route=%2Fwp%2Fv2%2Fcomments&post=69"}],"version-history":[{"count":5,"href":"http:\/\/kiet.online\/index.php?rest_route=\/wp\/v2\/pages\/69\/revisions"}],"predecessor-version":[{"id":960,"href":"http:\/\/kiet.online\/index.php?rest_route=\/wp\/v2\/pages\/69\/revisions\/960"}],"up":[{"embeddable":true,"href":"http:\/\/kiet.online\/index.php?rest_route=\/wp\/v2\/pages\/18"}],"wp:attachment":[{"href":"http:\/\/kiet.online\/index.php?rest_route=%2Fwp%2Fv2%2Fmedia&parent=69"}],"curies":[{"name":"wp","href":"https:\/\/api.w.org\/{rel}","templated":true}]}}