{"id":72,"date":"2016-07-29T07:17:01","date_gmt":"2016-07-29T07:17:01","guid":{"rendered":"http:\/\/kiet.online\/?page_id=72"},"modified":"2016-09-12T11:38:43","modified_gmt":"2016-09-12T11:38:43","slug":"universitaet-koeln","status":"publish","type":"page","link":"http:\/\/kiet.online\/?page_id=72","title":{"rendered":"Universit\u00e4t K\u00f6ln"},"content":{"rendered":"<p><strong>Institut f\u00fcr Evangelische Theologie<\/strong><\/p>\n<p>Universit\u00e4t K\u00f6ln<br \/>\nPhilosophische Fakult\u00e4t<br \/>\nWilhelm-Backhaus-Stra\u00dfe 1a<br \/>\n50931 K\u00f6ln (Lindenthal)<\/p>\n<p><a href=\"http:\/\/evtheol.phil-fak.uni-koeln.de\/15046.html\">http:\/\/evtheol.phil-fak.uni-koeln.de\/15046.html<\/a><\/p>\n","protected":false},"excerpt":{"rendered":"<p>Institut f\u00fcr Evangelische Theologie Universit\u00e4t K\u00f6ln Philosophische Fakult\u00e4t Wilhelm-Backhaus-Stra\u00dfe 1a 50931 K\u00f6ln (Lindenthal) http:\/\/evtheol.phil-fak.uni-koeln.de\/15046.html<\/p>\n","protected":false},"author":1,"featured_media":0,"parent":18,"menu_order":0,"comment_status":"closed","ping_status":"closed","template":"","meta":{"footnotes":""},"class_list":["post-72","page","type-page","status-publish","hentry"],"_links":{"self":[{"href":"http:\/\/kiet.online\/index.php?rest_route=\/wp\/v2\/pages\/72","targetHints":{"allow":["GET"]}}],"collection":[{"href":"http:\/\/kiet.online\/index.php?rest_route=\/wp\/v2\/pages"}],"about":[{"href":"http:\/\/kiet.online\/index.php?rest_route=\/wp\/v2\/types\/page"}],"author":[{"embeddable":true,"href":"http:\/\/kiet.online\/index.php?rest_route=\/wp\/v2\/users\/1"}],"replies":[{"embeddable":true,"href":"http:\/\/kiet.online\/index.php?rest_route=%2Fwp%2Fv2%2Fcomments&post=72"}],"version-history":[{"count":3,"href":"http:\/\/kiet.online\/index.php?rest_route=\/wp\/v2\/pages\/72\/revisions"}],"predecessor-version":[{"id":181,"href":"http:\/\/kiet.online\/index.php?rest_route=\/wp\/v2\/pages\/72\/revisions\/181"}],"up":[{"embeddable":true,"href":"http:\/\/kiet.online\/index.php?rest_route=\/wp\/v2\/pages\/18"}],"wp:attachment":[{"href":"http:\/\/kiet.online\/index.php?rest_route=%2Fwp%2Fv2%2Fmedia&parent=72"}],"curies":[{"name":"wp","href":"https:\/\/api.w.org\/{rel}","templated":true}]}}