{"id":76,"date":"2016-07-29T07:19:56","date_gmt":"2016-07-29T07:19:56","guid":{"rendered":"http:\/\/kiet.online\/?page_id=76"},"modified":"2016-09-12T11:41:06","modified_gmt":"2016-09-12T11:41:06","slug":"universitaet-oldenburg","status":"publish","type":"page","link":"http:\/\/kiet.online\/?page_id=76","title":{"rendered":"Universit\u00e4t Oldenburg"},"content":{"rendered":"<p class=\"csc-firstHeader\"><strong>Institut f\u00fcr Evangelische Theologie und Religionsp\u00e4dagogik<\/strong><\/p>\n<p class=\"csc-firstHeader\">Universit\u00e4t Oldenburg<br \/>\nFakult\u00e4t IV &#8211; Human- und Gesellschaftswissenschaften<br \/>\nAmmerl\u00e4nder Heerstr. 114-118<br \/>\nGeb\u00e4ude A06 1. Stock<br \/>\n26129 Oldenburg<\/p>\n<p class=\"csc-firstHeader\"><a href=\"http:\/\/www.uni-oldenburg.de\/theologie\/\" target=\"_blank\">http:\/\/www.uni-oldenburg.de\/theologie\/<\/a><\/p>\n<p>&nbsp;<\/p>\n","protected":false},"excerpt":{"rendered":"<p>Institut f\u00fcr Evangelische Theologie und Religionsp\u00e4dagogik Universit\u00e4t Oldenburg Fakult\u00e4t IV &#8211; Human- und Gesellschaftswissenschaften Ammerl\u00e4nder Heerstr. 114-118 Geb\u00e4ude A06 1. Stock 26129 Oldenburg http:\/\/www.uni-oldenburg.de\/theologie\/ &nbsp;<\/p>\n","protected":false},"author":1,"featured_media":0,"parent":18,"menu_order":0,"comment_status":"closed","ping_status":"closed","template":"","meta":{"footnotes":""},"class_list":["post-76","page","type-page","status-publish","hentry"],"_links":{"self":[{"href":"http:\/\/kiet.online\/index.php?rest_route=\/wp\/v2\/pages\/76","targetHints":{"allow":["GET"]}}],"collection":[{"href":"http:\/\/kiet.online\/index.php?rest_route=\/wp\/v2\/pages"}],"about":[{"href":"http:\/\/kiet.online\/index.php?rest_route=\/wp\/v2\/types\/page"}],"author":[{"embeddable":true,"href":"http:\/\/kiet.online\/index.php?rest_route=\/wp\/v2\/users\/1"}],"replies":[{"embeddable":true,"href":"http:\/\/kiet.online\/index.php?rest_route=%2Fwp%2Fv2%2Fcomments&post=76"}],"version-history":[{"count":3,"href":"http:\/\/kiet.online\/index.php?rest_route=\/wp\/v2\/pages\/76\/revisions"}],"predecessor-version":[{"id":183,"href":"http:\/\/kiet.online\/index.php?rest_route=\/wp\/v2\/pages\/76\/revisions\/183"}],"up":[{"embeddable":true,"href":"http:\/\/kiet.online\/index.php?rest_route=\/wp\/v2\/pages\/18"}],"wp:attachment":[{"href":"http:\/\/kiet.online\/index.php?rest_route=%2Fwp%2Fv2%2Fmedia&parent=76"}],"curies":[{"name":"wp","href":"https:\/\/api.w.org\/{rel}","templated":true}]}}