{"id":82,"date":"2016-07-29T07:23:47","date_gmt":"2016-07-29T07:23:47","guid":{"rendered":"http:\/\/kiet.online\/?page_id=82"},"modified":"2016-09-12T11:46:45","modified_gmt":"2016-09-12T11:46:45","slug":"universitaet-siegen","status":"publish","type":"page","link":"http:\/\/kiet.online\/?page_id=82","title":{"rendered":"Universit\u00e4t Siegen"},"content":{"rendered":"<p><strong>Seminar f\u00fcr evangelische Theologie<\/strong><\/p>\n<p>Universit\u00e4t Siegen<br \/>\nFakult\u00e4t I\/Ev. Theologie<br \/>\nAdolf-Reichwein-Stra\u00dfe 2<br \/>\n57068 Siegen<\/p>\n<p>Telefon:\u00a0 +49 (0)271 \/ 740- 4506;\u00a0 +49 (0)271 \/ 740- 4528<br \/>\nFax:+49 (0)271 \/ 740- 2879<\/p>\n<p>E-Mail: zimmermann@evantheo.uni-siegen.de<\/p>\n<p><a href=\"https:\/\/www.uni-siegen.de\/phil\/evantheo\/\">https:\/\/www.uni-siegen.de\/phil\/evantheo\/<\/a><\/p>\n","protected":false},"excerpt":{"rendered":"<p>Seminar f\u00fcr evangelische Theologie Universit\u00e4t Siegen Fakult\u00e4t I\/Ev. Theologie Adolf-Reichwein-Stra\u00dfe 2 57068 Siegen Telefon:\u00a0 +49 (0)271 \/ 740- 4506;\u00a0 +49 (0)271 \/ 740- 4528 Fax:+49 (0)271 \/ 740- 2879 E-Mail: zimmermann@evantheo.uni-siegen.de https:\/\/www.uni-siegen.de\/phil\/evantheo\/<\/p>\n","protected":false},"author":1,"featured_media":0,"parent":18,"menu_order":0,"comment_status":"closed","ping_status":"closed","template":"","meta":{"footnotes":""},"class_list":["post-82","page","type-page","status-publish","hentry"],"_links":{"self":[{"href":"http:\/\/kiet.online\/index.php?rest_route=\/wp\/v2\/pages\/82","targetHints":{"allow":["GET"]}}],"collection":[{"href":"http:\/\/kiet.online\/index.php?rest_route=\/wp\/v2\/pages"}],"about":[{"href":"http:\/\/kiet.online\/index.php?rest_route=\/wp\/v2\/types\/page"}],"author":[{"embeddable":true,"href":"http:\/\/kiet.online\/index.php?rest_route=\/wp\/v2\/users\/1"}],"replies":[{"embeddable":true,"href":"http:\/\/kiet.online\/index.php?rest_route=%2Fwp%2Fv2%2Fcomments&post=82"}],"version-history":[{"count":2,"href":"http:\/\/kiet.online\/index.php?rest_route=\/wp\/v2\/pages\/82\/revisions"}],"predecessor-version":[{"id":189,"href":"http:\/\/kiet.online\/index.php?rest_route=\/wp\/v2\/pages\/82\/revisions\/189"}],"up":[{"embeddable":true,"href":"http:\/\/kiet.online\/index.php?rest_route=\/wp\/v2\/pages\/18"}],"wp:attachment":[{"href":"http:\/\/kiet.online\/index.php?rest_route=%2Fwp%2Fv2%2Fmedia&parent=82"}],"curies":[{"name":"wp","href":"https:\/\/api.w.org\/{rel}","templated":true}]}}